{"id":19,"date":"2023-05-17T09:09:19","date_gmt":"2023-05-17T09:09:19","guid":{"rendered":"http:\/\/maslabergerie.com\/?page_id=19"},"modified":"2023-05-22T15:23:35","modified_gmt":"2023-05-22T15:23:35","slug":"besuchenswerte-orte-in-der-provence","status":"publish","type":"page","link":"https:\/\/maslabergerie.com\/de\/besucherorte-in-provence","title":{"rendered":"Zu besuchen"},"content":{"rendered":"","protected":false},"excerpt":{"rendered":"","protected":false},"author":2,"featured_media":0,"parent":0,"menu_order":0,"comment_status":"closed","ping_status":"closed","template":"","meta":{"footnotes":""},"class_list":["post-19","page","type-page","status-publish","czr-hentry"],"yoast_head":"<!-- This site is optimized with the Yoast SEO plugin v25.6 - https:\/\/yoast.com\/wordpress\/plugins\/seo\/ -->\n<title>Mas la Bergerie - Lieux \u00e0 visiter en Provence<\/title>\n<meta name=\"description\" content=\"D\u00e9couvrez les merveilles \u00e0 visiter en Provence lors de votre s\u00e9jour au Mas la Bergerie. R\u00e9servez votre s\u00e9jour d\u00e8s maintenant !\" \/>\n<meta name=\"robots\" content=\"index, follow, max-snippet:-1, max-image-preview:large, max-video-preview:-1\" \/>\n<link rel=\"canonical\" href=\"https:\/\/maslabergerie.com\/de\/besucherorte-in-provence\" \/>\n<meta property=\"og:locale\" content=\"de_DE\" \/>\n<meta property=\"og:type\" content=\"article\" \/>\n<meta property=\"og:title\" content=\"Mas la Bergerie - Lieux \u00e0 visiter en Provence\" \/>\n<meta property=\"og:description\" content=\"D\u00e9couvrez les merveilles \u00e0 visiter en Provence lors de votre s\u00e9jour au Mas la Bergerie. R\u00e9servez votre s\u00e9jour d\u00e8s maintenant !\" \/>\n<meta property=\"og:url\" content=\"https:\/\/maslabergerie.com\/de\/besucherorte-in-provence\" \/>\n<meta property=\"og:site_name\" content=\"Mas la Bergerie\" \/>\n<meta property=\"article:modified_time\" content=\"2023-05-22T15:23:35+00:00\" \/>\n<meta name=\"twitter:card\" content=\"summary_large_image\" \/>\n<script type=\"application\/ld+json\" class=\"yoast-schema-graph\">{\"@context\":\"https:\/\/schema.org\",\"@graph\":[{\"@type\":[\"WebPage\",\"SearchResultsPage\"],\"@id\":\"https:\/\/maslabergerie.com\/lieux-a-visiter-en-provence\",\"url\":\"https:\/\/maslabergerie.com\/lieux-a-visiter-en-provence\",\"name\":\"Mas la Bergerie - Lieux \u00e0 visiter en Provence\",\"isPartOf\":{\"@id\":\"https:\/\/maslabergerie.com\/#website\"},\"datePublished\":\"2023-05-17T09:09:19+00:00\",\"dateModified\":\"2023-05-22T15:23:35+00:00\",\"description\":\"D\u00e9couvrez les merveilles \u00e0 visiter en Provence lors de votre s\u00e9jour au Mas la Bergerie. R\u00e9servez votre s\u00e9jour d\u00e8s maintenant !\",\"breadcrumb\":{\"@id\":\"https:\/\/maslabergerie.com\/lieux-a-visiter-en-provence#breadcrumb\"},\"inLanguage\":\"de\",\"potentialAction\":[{\"@type\":\"ReadAction\",\"target\":[\"https:\/\/maslabergerie.com\/lieux-a-visiter-en-provence\"]}]},{\"@type\":\"BreadcrumbList\",\"@id\":\"https:\/\/maslabergerie.com\/lieux-a-visiter-en-provence#breadcrumb\",\"itemListElement\":[{\"@type\":\"ListItem\",\"position\":1,\"name\":\"Accueil\",\"item\":\"https:\/\/maslabergerie.com\/\"},{\"@type\":\"ListItem\",\"position\":2,\"name\":\"\u00c0 visiter\"}]},{\"@type\":\"WebSite\",\"@id\":\"https:\/\/maslabergerie.com\/#website\",\"url\":\"https:\/\/maslabergerie.com\/\",\"name\":\"Mas la Bergerie\",\"description\":\"\",\"publisher\":{\"@id\":\"https:\/\/maslabergerie.com\/#organization\"},\"potentialAction\":[{\"@type\":\"SearchAction\",\"target\":{\"@type\":\"EntryPoint\",\"urlTemplate\":\"https:\/\/maslabergerie.com\/?s={search_term_string}\"},\"query-input\":{\"@type\":\"PropertyValueSpecification\",\"valueRequired\":true,\"valueName\":\"search_term_string\"}}],\"inLanguage\":\"de\"},{\"@type\":\"Organization\",\"@id\":\"https:\/\/maslabergerie.com\/#organization\",\"name\":\"Mas la Bergerie\",\"url\":\"https:\/\/maslabergerie.com\/\",\"logo\":{\"@type\":\"ImageObject\",\"inLanguage\":\"de\",\"@id\":\"https:\/\/maslabergerie.com\/#\/schema\/logo\/image\/\",\"url\":\"https:\/\/maslabergerie.com\/wp-content\/uploads\/2023\/05\/maslabergerie.png\",\"contentUrl\":\"https:\/\/maslabergerie.com\/wp-content\/uploads\/2023\/05\/maslabergerie.png\",\"width\":1044,\"height\":184,\"caption\":\"Mas la Bergerie\"},\"image\":{\"@id\":\"https:\/\/maslabergerie.com\/#\/schema\/logo\/image\/\"}}]}<\/script>\n<!-- \/ Yoast SEO plugin. -->","yoast_head_json":{"title":"Mas la Bergerie - Sehensw\u00fcrdigkeiten in der Provence","description":"Entdecken Sie w\u00e4hrend Ihres Aufenthalts im Mas la Bergerie die Wunder, die es in der Provence zu besichtigen gibt. Buchen Sie jetzt Ihren Aufenthalt!","robots":{"index":"index","follow":"follow","max-snippet":"max-snippet:-1","max-image-preview":"max-image-preview:large","max-video-preview":"max-video-preview:-1"},"canonical":"https:\/\/maslabergerie.com\/de\/besucherorte-in-provence","og_locale":"de_DE","og_type":"article","og_title":"Mas la Bergerie - Lieux \u00e0 visiter en Provence","og_description":"D\u00e9couvrez les merveilles \u00e0 visiter en Provence lors de votre s\u00e9jour au Mas la Bergerie. R\u00e9servez votre s\u00e9jour d\u00e8s maintenant !","og_url":"https:\/\/maslabergerie.com\/de\/besucherorte-in-provence","og_site_name":"Mas la Bergerie","article_modified_time":"2023-05-22T15:23:35+00:00","twitter_card":"summary_large_image","schema":{"@context":"https:\/\/schema.org","@graph":[{"@type":["WebPage","SearchResultsPage"],"@id":"https:\/\/maslabergerie.com\/lieux-a-visiter-en-provence","url":"https:\/\/maslabergerie.com\/lieux-a-visiter-en-provence","name":"Mas la Bergerie - Sehensw\u00fcrdigkeiten in der Provence","isPartOf":{"@id":"https:\/\/maslabergerie.com\/#website"},"datePublished":"2023-05-17T09:09:19+00:00","dateModified":"2023-05-22T15:23:35+00:00","description":"Entdecken Sie w\u00e4hrend Ihres Aufenthalts im Mas la Bergerie die Wunder, die es in der Provence zu besichtigen gibt. Buchen Sie jetzt Ihren Aufenthalt!","breadcrumb":{"@id":"https:\/\/maslabergerie.com\/lieux-a-visiter-en-provence#breadcrumb"},"inLanguage":"de","potentialAction":[{"@type":"ReadAction","target":["https:\/\/maslabergerie.com\/lieux-a-visiter-en-provence"]}]},{"@type":"BreadcrumbList","@id":"https:\/\/maslabergerie.com\/lieux-a-visiter-en-provence#breadcrumb","itemListElement":[{"@type":"ListItem","position":1,"name":"Accueil","item":"https:\/\/maslabergerie.com\/"},{"@type":"ListItem","position":2,"name":"\u00c0 visiter"}]},{"@type":"WebSite","@id":"https:\/\/maslabergerie.com\/#website","url":"https:\/\/maslabergerie.com\/","name":"Mas la Bergerie","description":"","publisher":{"@id":"https:\/\/maslabergerie.com\/#organization"},"potentialAction":[{"@type":"SearchAction","target":{"@type":"EntryPoint","urlTemplate":"https:\/\/maslabergerie.com\/?s={search_term_string}"},"query-input":{"@type":"PropertyValueSpecification","valueRequired":true,"valueName":"search_term_string"}}],"inLanguage":"de"},{"@type":"Organization","@id":"https:\/\/maslabergerie.com\/#organization","name":"Mas la Bergerie","url":"https:\/\/maslabergerie.com\/","logo":{"@type":"ImageObject","inLanguage":"de","@id":"https:\/\/maslabergerie.com\/#\/schema\/logo\/image\/","url":"https:\/\/maslabergerie.com\/wp-content\/uploads\/2023\/05\/maslabergerie.png","contentUrl":"https:\/\/maslabergerie.com\/wp-content\/uploads\/2023\/05\/maslabergerie.png","width":1044,"height":184,"caption":"Mas la Bergerie"},"image":{"@id":"https:\/\/maslabergerie.com\/#\/schema\/logo\/image\/"}}]}},"_links":{"self":[{"href":"https:\/\/maslabergerie.com\/de\/wp-json\/wp\/v2\/pages\/19"}],"collection":[{"href":"https:\/\/maslabergerie.com\/de\/wp-json\/wp\/v2\/pages"}],"about":[{"href":"https:\/\/maslabergerie.com\/de\/wp-json\/wp\/v2\/types\/page"}],"author":[{"embeddable":true,"href":"https:\/\/maslabergerie.com\/de\/wp-json\/wp\/v2\/users\/2"}],"replies":[{"embeddable":true,"href":"https:\/\/maslabergerie.com\/de\/wp-json\/wp\/v2\/comments?post=19"}],"version-history":[{"count":1,"href":"https:\/\/maslabergerie.com\/de\/wp-json\/wp\/v2\/pages\/19\/revisions"}],"predecessor-version":[{"id":20,"href":"https:\/\/maslabergerie.com\/de\/wp-json\/wp\/v2\/pages\/19\/revisions\/20"}],"wp:attachment":[{"href":"https:\/\/maslabergerie.com\/de\/wp-json\/wp\/v2\/media?parent=19"}],"curies":[{"name":"wp","href":"https:\/\/api.w.org\/{rel}","templated":true}]}}