{"id":15,"date":"2023-05-17T09:08:57","date_gmt":"2023-05-17T09:08:57","guid":{"rendered":"http:\/\/maslabergerie.com\/?page_id=15"},"modified":"2023-05-22T15:18:35","modified_gmt":"2023-05-22T15:18:35","slug":"fotos-van-seizoensverhuur-eygalieres","status":"publish","type":"page","link":"https:\/\/maslabergerie.com\/nl\/fotos-van-seizoensverhuur-eieren","title":{"rendered":"Galerie"},"content":{"rendered":"","protected":false},"excerpt":{"rendered":"","protected":false},"author":2,"featured_media":0,"parent":0,"menu_order":0,"comment_status":"closed","ping_status":"closed","template":"","meta":{"footnotes":""},"class_list":["post-15","page","type-page","status-publish","czr-hentry"],"yoast_head":"<!-- This site is optimized with the Yoast SEO plugin v25.6 - https:\/\/yoast.com\/wordpress\/plugins\/seo\/ -->\n<title>Mas la Bergerie - Photos de location saisonni\u00e8re Eygali\u00e8res<\/title>\n<meta name=\"description\" content=\"Parcourez notre galerie photos pour d\u00e9couvrir en images notre magnifique location saisonni\u00e8re \u00e0 Eygali\u00e8res. R\u00e9servez votre s\u00e9jour au Mas la Bergerie !\" \/>\n<meta name=\"robots\" content=\"index, follow, max-snippet:-1, max-image-preview:large, max-video-preview:-1\" \/>\n<link rel=\"canonical\" href=\"https:\/\/maslabergerie.com\/nl\/fotos-van-seizoensverhuur-eieren\" \/>\n<meta property=\"og:locale\" content=\"nl_NL\" \/>\n<meta property=\"og:type\" content=\"article\" \/>\n<meta property=\"og:title\" content=\"Mas la Bergerie - Photos de location saisonni\u00e8re Eygali\u00e8res\" \/>\n<meta property=\"og:description\" content=\"Parcourez notre galerie photos pour d\u00e9couvrir en images notre magnifique location saisonni\u00e8re \u00e0 Eygali\u00e8res. R\u00e9servez votre s\u00e9jour au Mas la Bergerie !\" \/>\n<meta property=\"og:url\" content=\"https:\/\/maslabergerie.com\/nl\/fotos-van-seizoensverhuur-eieren\" \/>\n<meta property=\"og:site_name\" content=\"Mas la Bergerie\" \/>\n<meta property=\"article:modified_time\" content=\"2023-05-22T15:18:35+00:00\" \/>\n<meta name=\"twitter:card\" content=\"summary_large_image\" \/>\n<script type=\"application\/ld+json\" class=\"yoast-schema-graph\">{\"@context\":\"https:\/\/schema.org\",\"@graph\":[{\"@type\":[\"WebPage\",\"SearchResultsPage\"],\"@id\":\"https:\/\/maslabergerie.com\/photos-de-location-saisonniere-eygalieres\",\"url\":\"https:\/\/maslabergerie.com\/photos-de-location-saisonniere-eygalieres\",\"name\":\"Mas la Bergerie - Photos de location saisonni\u00e8re Eygali\u00e8res\",\"isPartOf\":{\"@id\":\"https:\/\/maslabergerie.com\/#website\"},\"datePublished\":\"2023-05-17T09:08:57+00:00\",\"dateModified\":\"2023-05-22T15:18:35+00:00\",\"description\":\"Parcourez notre galerie photos pour d\u00e9couvrir en images notre magnifique location saisonni\u00e8re \u00e0 Eygali\u00e8res. R\u00e9servez votre s\u00e9jour au Mas la Bergerie !\",\"breadcrumb\":{\"@id\":\"https:\/\/maslabergerie.com\/photos-de-location-saisonniere-eygalieres#breadcrumb\"},\"inLanguage\":\"nl-NL\",\"potentialAction\":[{\"@type\":\"ReadAction\",\"target\":[\"https:\/\/maslabergerie.com\/photos-de-location-saisonniere-eygalieres\"]}]},{\"@type\":\"BreadcrumbList\",\"@id\":\"https:\/\/maslabergerie.com\/photos-de-location-saisonniere-eygalieres#breadcrumb\",\"itemListElement\":[{\"@type\":\"ListItem\",\"position\":1,\"name\":\"Accueil\",\"item\":\"https:\/\/maslabergerie.com\/\"},{\"@type\":\"ListItem\",\"position\":2,\"name\":\"Galerie\"}]},{\"@type\":\"WebSite\",\"@id\":\"https:\/\/maslabergerie.com\/#website\",\"url\":\"https:\/\/maslabergerie.com\/\",\"name\":\"Mas la Bergerie\",\"description\":\"\",\"publisher\":{\"@id\":\"https:\/\/maslabergerie.com\/#organization\"},\"potentialAction\":[{\"@type\":\"SearchAction\",\"target\":{\"@type\":\"EntryPoint\",\"urlTemplate\":\"https:\/\/maslabergerie.com\/?s={search_term_string}\"},\"query-input\":{\"@type\":\"PropertyValueSpecification\",\"valueRequired\":true,\"valueName\":\"search_term_string\"}}],\"inLanguage\":\"nl-NL\"},{\"@type\":\"Organization\",\"@id\":\"https:\/\/maslabergerie.com\/#organization\",\"name\":\"Mas la Bergerie\",\"url\":\"https:\/\/maslabergerie.com\/\",\"logo\":{\"@type\":\"ImageObject\",\"inLanguage\":\"nl-NL\",\"@id\":\"https:\/\/maslabergerie.com\/#\/schema\/logo\/image\/\",\"url\":\"https:\/\/maslabergerie.com\/wp-content\/uploads\/2023\/05\/maslabergerie.png\",\"contentUrl\":\"https:\/\/maslabergerie.com\/wp-content\/uploads\/2023\/05\/maslabergerie.png\",\"width\":1044,\"height\":184,\"caption\":\"Mas la Bergerie\"},\"image\":{\"@id\":\"https:\/\/maslabergerie.com\/#\/schema\/logo\/image\/\"}}]}<\/script>\n<!-- \/ Yoast SEO plugin. -->","yoast_head_json":{"title":"Mas la Bergerie - Foto's van vakantiehuizen Eygali\u00e8res","description":"Blader door onze fotogalerij om beelden te ontdekken van onze prachtige vakantiewoning in Eygali\u00e8res. Boek uw verblijf in Mas la Bergerie!","robots":{"index":"index","follow":"follow","max-snippet":"max-snippet:-1","max-image-preview":"max-image-preview:large","max-video-preview":"max-video-preview:-1"},"canonical":"https:\/\/maslabergerie.com\/nl\/fotos-van-seizoensverhuur-eieren","og_locale":"nl_NL","og_type":"article","og_title":"Mas la Bergerie - Photos de location saisonni\u00e8re Eygali\u00e8res","og_description":"Parcourez notre galerie photos pour d\u00e9couvrir en images notre magnifique location saisonni\u00e8re \u00e0 Eygali\u00e8res. R\u00e9servez votre s\u00e9jour au Mas la Bergerie !","og_url":"https:\/\/maslabergerie.com\/nl\/fotos-van-seizoensverhuur-eieren","og_site_name":"Mas la Bergerie","article_modified_time":"2023-05-22T15:18:35+00:00","twitter_card":"summary_large_image","schema":{"@context":"https:\/\/schema.org","@graph":[{"@type":["WebPage","SearchResultsPage"],"@id":"https:\/\/maslabergerie.com\/photos-de-location-saisonniere-eygalieres","url":"https:\/\/maslabergerie.com\/photos-de-location-saisonniere-eygalieres","name":"Mas la Bergerie - Foto's van vakantiehuizen Eygali\u00e8res","isPartOf":{"@id":"https:\/\/maslabergerie.com\/#website"},"datePublished":"2023-05-17T09:08:57+00:00","dateModified":"2023-05-22T15:18:35+00:00","description":"Blader door onze fotogalerij om beelden te ontdekken van onze prachtige vakantiewoning in Eygali\u00e8res. Boek uw verblijf in Mas la Bergerie!","breadcrumb":{"@id":"https:\/\/maslabergerie.com\/photos-de-location-saisonniere-eygalieres#breadcrumb"},"inLanguage":"nl-NL","potentialAction":[{"@type":"ReadAction","target":["https:\/\/maslabergerie.com\/photos-de-location-saisonniere-eygalieres"]}]},{"@type":"BreadcrumbList","@id":"https:\/\/maslabergerie.com\/photos-de-location-saisonniere-eygalieres#breadcrumb","itemListElement":[{"@type":"ListItem","position":1,"name":"Accueil","item":"https:\/\/maslabergerie.com\/"},{"@type":"ListItem","position":2,"name":"Galerie"}]},{"@type":"WebSite","@id":"https:\/\/maslabergerie.com\/#website","url":"https:\/\/maslabergerie.com\/","name":"Mas la Bergerie","description":"","publisher":{"@id":"https:\/\/maslabergerie.com\/#organization"},"potentialAction":[{"@type":"SearchAction","target":{"@type":"EntryPoint","urlTemplate":"https:\/\/maslabergerie.com\/?s={search_term_string}"},"query-input":{"@type":"PropertyValueSpecification","valueRequired":true,"valueName":"search_term_string"}}],"inLanguage":"nl-NL"},{"@type":"Organization","@id":"https:\/\/maslabergerie.com\/#organization","name":"Mas la Bergerie","url":"https:\/\/maslabergerie.com\/","logo":{"@type":"ImageObject","inLanguage":"nl-NL","@id":"https:\/\/maslabergerie.com\/#\/schema\/logo\/image\/","url":"https:\/\/maslabergerie.com\/wp-content\/uploads\/2023\/05\/maslabergerie.png","contentUrl":"https:\/\/maslabergerie.com\/wp-content\/uploads\/2023\/05\/maslabergerie.png","width":1044,"height":184,"caption":"Mas la Bergerie"},"image":{"@id":"https:\/\/maslabergerie.com\/#\/schema\/logo\/image\/"}}]}},"_links":{"self":[{"href":"https:\/\/maslabergerie.com\/nl\/wp-json\/wp\/v2\/pages\/15"}],"collection":[{"href":"https:\/\/maslabergerie.com\/nl\/wp-json\/wp\/v2\/pages"}],"about":[{"href":"https:\/\/maslabergerie.com\/nl\/wp-json\/wp\/v2\/types\/page"}],"author":[{"embeddable":true,"href":"https:\/\/maslabergerie.com\/nl\/wp-json\/wp\/v2\/users\/2"}],"replies":[{"embeddable":true,"href":"https:\/\/maslabergerie.com\/nl\/wp-json\/wp\/v2\/comments?post=15"}],"version-history":[{"count":1,"href":"https:\/\/maslabergerie.com\/nl\/wp-json\/wp\/v2\/pages\/15\/revisions"}],"predecessor-version":[{"id":16,"href":"https:\/\/maslabergerie.com\/nl\/wp-json\/wp\/v2\/pages\/15\/revisions\/16"}],"wp:attachment":[{"href":"https:\/\/maslabergerie.com\/nl\/wp-json\/wp\/v2\/media?parent=15"}],"curies":[{"name":"wp","href":"https:\/\/api.w.org\/{rel}","templated":true}]}}